{"id":143,"date":"2023-06-05T16:29:49","date_gmt":"2023-06-05T14:29:49","guid":{"rendered":"https:\/\/neu.isleofsummer.de\/?page_id=143"},"modified":"2025-12-01T14:45:10","modified_gmt":"2025-12-01T13:45:10","slug":"agb","status":"publish","type":"page","link":"https:\/\/www.isleofsummer.at\/de\/agb\/","title":{"rendered":"AGB"},"content":{"rendered":"<div id='verlauf'  class='avia-section av-liiy1l6x-9f60e548a09b7dfd0a94bcbda2a504c7 alternate_color avia-section-default avia-no-border-styling  avia-builder-el-0  avia-builder-el-no-sibling  avia-bg-style-scroll container_wrap fullsize'  ><div class='container av-section-cont-open' ><main  role=\"main\" itemprop=\"mainContentOfPage\"  class='template-page content  av-content-full alpha units'><div class='post-entry post-entry-type-page post-entry-143'><div class='entry-content-wrapper clearfix'>\n<div  class='flex_column av-liiy4nzg-19c0801ca2ca881d22b40d3dad5348c4 av_one_full  avia-builder-el-1  avia-builder-el-no-sibling  first flex_column_div av-animated-generic fade-in  '     ><section  class='av_textblock_section av-x1kh-d27495016659e3dc1e055592708b89d0 '   itemscope=\"itemscope\" itemtype=\"https:\/\/schema.org\/CreativeWork\" ><div class='avia_textblock'  itemprop=\"text\" ><h1>Allgemeine Gesch\u00e4ftsbedingungen<br \/>\nIsle of Summer<\/h1>\n<h3>1. Veranstalter<\/h3>\n<p>Veranstalterin der Isle of Summer Eventreihe ist die Life is Good GmbH, vertreten durch d. Gesch\u00e4ftsf\u00fchrer, Reichenbachstra\u00dfe 33, 80469 M\u00fcnchen (nachfolgend \u201eVeranstalter\u201c)<\/p>\n<h3>2. Geltungsbereich der Allgemeinen Gesch\u00e4ftsbedingungen<\/h3>\n<p>a) Die Allgemeinen Gesch\u00e4ftsbedingungen (nachfolgend \u201eAGB\u201c) erlangen zwischen dem K\u00e4ufer eines Tickets und dem Veranstalter und\/oder dem Besucher und dem Veranstalter G\u00fcltigkeit. Durch den Erwerb eines Tickets schlie\u00dft der Ticketk\u00e4ufer und der Besucher (nachfolgend \u201eKunde\u201c) mit dem Veranstalter einen Veranstaltungsvertrag ab.<\/p>\n<p>b) Jeder Kunde und Besucher erkennt die Rechte und Pflichten aus diesen AGB mit dem Ticketerwerb bzw. mit Betreten des Festivalgel\u00e4ndes an.<\/p>\n<p>c) Die Isle of Summer Eventreihe findet auf ausgewiesenen Festivalarealen statt. Das Festivalgel\u00e4nde umfasst das eigentliche Veranstaltungsgel\u00e4nde und die Parkfl\u00e4chen.<\/p>\n<h3>3. Vertragsschluss<\/h3>\n<p>a) Eine Ticket-Anfrage auf der Website enth\u00e4lt kein Vertragsangebot, sondern lediglich eine Aufforderung zur Abgabe eines Angebots durch den Kunden. Das Angebot f\u00fcr den Vertragsschluss geht vom Kunden aus und erfolgt durch die Eingabe aller relevanten Daten in das Bestellformular und dessen elektronische \u00dcbermittlung an die jeweilige Vorverkaufsstelle (u.a. Eventbrite, Eventim und sonstige VVK-Stellen). Erst mit \u00dcbermittlung einer Best\u00e4tigung der Bestellung und Rechnungsstellung durch die VVK-Stelle kommt ein endg\u00fcltiger Vertrag mit dem Kunden zustande.<\/p>\n<p>b) Eine Bestellung ist nur im f\u00fcr vollj\u00e4hrige und vollumf\u00e4nglich gesch\u00e4ftsf\u00e4hige Kunden m\u00f6glich.<\/p>\n<p>c) Eine R\u00fcckgabe von Tickets ist grunds\u00e4tzlich ausgeschlossen. Ebenso besteht auch bei Onlinebestellungen kein Widerrufsrecht gem\u00e4\u00df \u00a7 312 g Abs. 2 Nr. 9 BGB.<\/p>\n<h3>4. Weitergabe von Tickets<\/h3>\n<p>a) Die Weitergabe bzw. der Verkauf von Tickets und die damit verbundene \u00dcbertragung des Besuchsrechts auf einen Dritten ist dem Grunde nach zul\u00e4ssig, es sei denn<\/p>\n<p>aa) dass gegen den Dritten ein Hausverbot besteht und dieser Umstand dem Kunden bekannt war bzw. bekannt sein musste<\/p>\n<p>bb) das Ticket wird zu einem h\u00f6heren Preis angeboten als der Nennpreis des Tickets<\/p>\n<p>cc) es handelt sich um einen gewerblichen oder kommerziellen Weiterverkauf.<\/p>\n<p>dd) es handelt sich um ein personalisiertes bzw. nicht \u00fcbertragbares Ticket<\/p>\n<p>ee) der Verkauf wird von nicht autorisierten Dritten, insbesondere Internetdienstleistern vermittelt, \u00fcber nicht autorisierte Dritte durchgef\u00fchrt oder von nicht autorisierten Dritten abgewickelt, insbesondere von vom Veranstalter nicht autorisierten Marktpl\u00e4tzen und Ticketweiterverk\u00e4ufern im Internet (z. B. eBay).<\/p>\n<p>ff) die \u00dcbertragung steht in direktem oder indirektem Zusammenhang mit Werbema\u00dfnahmen, nicht autorisierten Reisepaketen, Bonuszugaben oder Gewinnspielen.<\/p>\n<p>b) Sollte der Veranstalter feststellen, dass der Kunde gegen eine oder mehrere der Regelungen unter a) versto\u00dfen hat kann der Veranstalter die entsprechenden Tickets sperren und dem Kunden\/Ticketinhaber entsch\u00e4digungslos den Zutritt zum Festivalgel\u00e4nde verweigern bzw. ihn des Gel\u00e4ndes verweisen, einen zuk\u00fcnftigen Verkauf von Tickets jeder Art dem Kunden gegen\u00fcber verweigern, ein Hausverbot aussprechen, sowie f\u00fcr jeden Versto\u00df gegen 4 a) die Zahlung einer angemessenen Vertragsstrafe in H\u00f6he von bis zu maximal 2.500,00 EUR fordern. Die genaue H\u00f6he der Vertragsstrafe wird durch den Veranstalter im Einzelfall nach billigem Ermessen festgelegt und ist im Streitfall vom sachlich zust\u00e4ndigen Gericht auf ihre Angemessenheit zu \u00fcberpr\u00fcfen. Die Vertragsstrafe ist auf etwaige Schadensersatzanspr\u00fcche des Veranstalters wegen des Versto\u00dfes anzurechnen. Der Veranstalter beh\u00e4lt sich vor, in einem solchen Fall in angemessener Art und Weise \u00fcber den Vorfall auch unter Nennung des Namens des Kunden zu berichten, um eine vertragswidrige Nutzung der Tickets in der Zukunft zu verhindern.<\/p>\n<p>c) Bei Verlust des Tickets erfolgt kein Ersatz.<\/p>\n<h3>5. Einlass zum Veranstaltungsgel\u00e4nde<\/h3>\n<p>a) Der Zutritt zum Veranstaltungsgel\u00e4nde ist nur mit einem g\u00fcltigen Ticket m\u00f6glich. Die Eintrittskarte berechtigt zum einmaligen Einlass auf das Veranstaltungsgel\u00e4nde und nur f\u00fcr eine Person. Ein Wiedereinlass nach Verlassen des Veranstaltungsgel\u00e4ndes ist (mit Ausnahme eines Wochenendtickets) ausdr\u00fccklich ausgeschlossen.<\/p>\n<p>b) Beim Zutritt zum Festivalgel\u00e4nde wird eine Sicherheitskontrolle durch das Sicherheitspersonal vor Ort durchgef\u00fchrt. Das Personal ist angewiesen, insbesondere beim Betreten des Veranstaltungsgel\u00e4ndes eine Leibes- sowie Taschenvisitation bei den Besuchern vorzunehmen. Die Besucher erkl\u00e4ren sich damit einverstanden.<\/p>\n<p>c) Der Veranstalter beh\u00e4lt sich das Recht vor, einzelnen Besuchern den Einlass zum Festivalgel\u00e4nde aus wichtigem Grund zu verweigern. Als wichtiger Grund gilt insbesondere<\/p>\n<p>aa) das Mitf\u00fchren von verbotenen Gegenst\u00e4nden (gem\u00e4\u00df Ziffer 6)<\/p>\n<p>bb) ein offensichtlicher stark durch Alkohol oder Bet\u00e4ubungsmittel berauschter Zustand des Besuchers<\/p>\n<p>cc) eine offensichtlich homophobe, sexistische, rassistische oder menschenverachtende Einstellung des Besuchers.<\/p>\n<p>dd) eine Verletzung bzw. bewusste Umgehung von jugendsch\u00fctzenden Vorschriften durch den Besucher selbst oder Begleitpersonen<\/p>\n<p>d) Besteht ein vorbenannter wichtiger Grund f\u00fcr die Einlassverweigerung, verlieren die Eintrittskarte oder das Festivalb\u00e4ndchen ihre G\u00fcltigkeit, der Eintrittspreis wird nicht erstattet.<br \/>\ne) Vor den Au\u00dfenb\u00fchnen des Veranstaltungsgel\u00e4ndes ist ausreichend Platz f\u00fcr alle Festivalbesucher. Der Zugang auf die B\u00fchnen, VIP-Bereiche, Zelte und Indoor-B\u00fchnen sind begrenzt und bereits auf Grund beh\u00f6rdlicher Vorgaben limitiert. Der Veranstalter ist berechtigt den Zugang zu diesen Bereichen bei Erreichen der Kapazit\u00e4tsgrenze ganz oder teilweise, kurzfristig oder dauerhaft zu sperren. Bei Verlassen dieser Bereich innerhalb des Veranstaltungsgel\u00e4ndes besteht zudem kein Recht auf Wiedereinlass. Rechtzeitiges Erscheinen wird daher dringend empfohlen. Den Weisungen des Ordnerpersonals ist Folge zu leisten.<\/p>\n<h3>6. Verbotene Gegenst\u00e4nde<\/h3>\n<p>a) Auf dem gesamten Festivalgel\u00e4nde ist das Mitf\u00fchren von Glasflaschen jeglicher Art, sonstige Glasbeh\u00e4lter, Tieren, Waffen aller Art (auch im technischen Sinne), Fackeln, pyrotechnischen Gegenst\u00e4nden, Trockeneis, Wunderkerzen, Himmelslaternen, Drohnen (sowie deren Fernsteuerung \u00fcber dem Gel\u00e4nde), Vuvuzelas, Megaphonen, kommerziellen, politischen oder religi\u00f6se Gegenst\u00e4nden aller Art, einschlie\u00dflich Banner, Schilder, Symbole oder Flugbl\u00e4tter sowie gef\u00e4hrliche Gegenst\u00e4nde jeglicher Art verboten.<\/p>\n<p>b) Den Anweisungen des Personals ist Folge zu leisten. Der Veranstalter h\u00e4lt sich das Recht vor, bei Nichtbeachtung einen sofortigen Verweis vom Veranstaltungsgel\u00e4nde auszusprechen.<\/p>\n<p>c) Der Veranstalter ist zudem berechtigt, verbotene Gegenst\u00e4nde vor\u00fcbergehend zu verwahren und in Besitz zu nehmen.<\/p>\n<h3>7. Hausrecht \/ Verhaltensregeln \/ Fotografieren und Filmen<\/h3>\n<p>a) Das Hausrecht wird vom Veranstalter oder durch dessen Personal (einschlie\u00dflich der eingesetzten Sicherheitsdienste) ausge\u00fcbt. Auf dem Festivalgel\u00e4nde gelten die Haus- bzw. Festivalgel\u00e4ndeordnung. Den Weisungen des Personals des Veranstalters ist unbedingt Folge zu leisten. Besuchern ist es hierbei u.a. untersagt auf dem Festivalgel\u00e4nde<\/p>\n<p>aa) verbotene Gegenst\u00e4nde mitzuf\u00fchren,<\/p>\n<p>bb) k\u00f6rperliche Gewalt gegen andere Besucher, das Personal des Veranstalters oder sonstige Dritte auszu\u00fcben,<\/p>\n<p>cc) Gegenst\u00e4nde auf die B\u00fchne oder andere Besucher zu werfen,<\/p>\n<p>dd) au\u00dferhalb der Toiletten zu urinieren oder die Notdurft zu verrichten,<\/p>\n<p>ee) bauliche Anlagen, W\u00e4nde, Sachen etc. zu besch\u00e4digen, bemalen, bespr\u00fchen oder zu beschmutzen,<\/p>\n<p>ee) ohne vorherige schriftliche Zustimmung des Veranstalters gewerbsm\u00e4\u00dfig Handel zu treiben, Werbema\u00dfnahmen oder Marketingaktionen durchzuf\u00fchren.<\/p>\n<p>ff) Bereiche und R\u00e4ume zu betreten, die f\u00fcr die allgemeinen Besucher nicht freigegeben sind, bzw. auf B\u00fchnen, Zelte, Traversen o.\u00e4. zu klettern.<\/p>\n<p>b) Die Anfertigung von Foto- und Videoaufnahmen mittels Smartphones oder Digitalkameras (keine Profiausr\u00fcstung) f\u00fcr den privaten Gebrauch ist gestattet. Die Pers\u00f6nlichkeitsrechte Dritter sind dabei jederzeit zu wahren. Jede dar\u00fcberhinausgehende Herstellung von Film- oder Tonaufnahmen jeglicher Art sowie deren Ver\u00f6ffentlichung online oder offline ohne Genehmigung des Veranstalters ist untersagt.<\/p>\n<p>c) Besucher, die gegen vorstehende Verhaltensregeln versto\u00dfen, k\u00f6nnen durch den Veranstalter bzw. dessen Personal vom Festivalgel\u00e4nde verwiesen und ihnen gegen\u00fcber ein Hausverbot ausgesprochen werden.<br \/>\nd) Besteht ein vorbenannter wichtiger Grund und der Veranstalter verweist den Besucher vom Veranstaltungsort, verliert das Ticket oder das Festivalb\u00e4ndchen seine G\u00fcltigkeit. Der Eintrittspreis wird in diesem Fall nicht erstattet.<\/p>\n<h3>8. Veranstaltungsabsage \/ Veranstaltungsabbruch \/ Veranstaltungsablauf<\/h3>\n<p>a) Wird ein Isle of Summer Event vor Veranstaltungsbeginn abgesagt, besteht ein Anspruch auf Erstattung des Eintrittspreises ohne Vorverkaufsgeb\u00fchr und Systemgeb\u00fchr.<\/p>\n<p>b) Die Isle of Summer Events werden bei jeder Witterung durchgef\u00fchrt. Sollten die Witterungsumst\u00e4nde jedoch Gefahr f\u00fcr Leib, Leben oder Gesundheit f\u00fcr Besucher, K\u00fcnstler oder Personal bef\u00fcrchten lassen, wird das Festival sofort abgebrochen. In diesem Falle sowie bei Abbruch des bereits laufenden Festivals aus sonstigen Gr\u00fcnden h\u00f6herer Gewalt, insbesondere aufgrund beh\u00f6rdlicher Anordnung oder gerichtlicher Entscheidung, besteht kein R\u00fcckverg\u00fctungs- oder Schadensersatzanspruch, es sei denn, dem Veranstalter kann Vorsatz oder grobe Fahrl\u00e4ssigkeit zur Last gelegt werden.<\/p>\n<p>c) Eine Haftung f\u00fcr Folgesch\u00e4den aufgrund einer Verschiebung oder Absage der Veranstaltung ist ausgeschlossen.<\/p>\n<p>d) Der Veranstalter hat keinerlei Einfluss auf die Gestaltung, die L\u00e4nge und den Inhalt der einzelnen Darbietungen und \u00fcbernimmt daher gegen\u00fcber dem Besucher hierf\u00fcr keine Haftung.<\/p>\n<p>e) Das Ticket berechtigt zum einmaligen Besuch auf dem Festivalgel\u00e4nde. Im Falle von Programm\u00e4nderungen, der Absage einzelner Shows oder Auftritten bzw. Konzerten einzelner K\u00fcnstler, auch von sog. Headlinern, hat der Besucher daher keine Anspr\u00fcche gegen den Veranstalter, solange die Abweichungen in einem gewissen Rahmen bleiben und der Gesamtcharakter Festivals gewahrt bleibt.<\/p>\n<p>f) Versp\u00e4tungen und Ab\u00e4nderungen einzelner Programmpunkte sind m\u00f6glich. \u00c4nderungen wird der Veranstalter unverz\u00fcglich online auf der Veranstaltungshomepage oder in der Festival-App bekanntgeben.<\/p>\n<h3>9. Gesundheitsbeeintr\u00e4chtigung durch Lautst\u00e4rke<\/h3>\n<p>a) Dem Besucher ist bewusst, dass bei den Isle of Summer Events, insbesondere vor den B\u00fchnen eine besondere Lautst\u00e4rke herrscht und die Gefahr von m\u00f6glichen Gesundheitssch\u00e4den, insbesondere H\u00f6rsch\u00e4den, besteht. Der Veranstalter ist bestrebt durch geeignete technische Ausstattung, Lautst\u00e4rkebegrenzung sowie die Auswahl der individuellen Veranstaltungsorte sicherzustellen, dass der Besucher durch den Schallpegel keinen Schaden nimmt. Es wird jedoch unabh\u00e4ngig davon dringend empfohlen, Ohrst\u00f6psel zu verwenden, insbesondere beim Aufenthalt in der N\u00e4he der Lautsprecherboxen.<\/p>\n<p>b) Der Aufenthaltsort vor bzw. auf den jeweiligen B\u00fchnen sowie die Aufenthaltsdauer ist durch den Besucher an die jeweils individuellen H\u00f6rgewohnheiten und die damit verbundene Zutr\u00e4glichkeit anzupassen.<\/p>\n<h3>10. Jugendschutz<\/h3>\n<p>a) F\u00fcr jede Veranstaltung gelten die allgemeinen Bestimmungen des Gesetzes zum Schutz der Jugend in der \u00d6ffentlichkeit.<\/p>\n<p>b) Zutritt ab 18 Jahren (\u00a7 1 Abs. 1 Nr. 4 JuSchG).<\/p>\n<h3>11. Haftungsbeschr\u00e4nkung<\/h3>\n<p>a) Der Veranstalter haftet im Geltungsbereich dieses Vertrages bei Vorliegen einer gesetzlichen oder vertraglichen Haftung auf den Ersatz von Sch\u00e4den bzw. auf den Ersatz vergeblicher Aufwendungen, die durch Veranstalter, dessen gesetzliche Vertreter oder Erf\u00fcllungsgehilfen verursacht worden sind, bei Vorsatz und grober Fahrl\u00e4ssigkeit. Bei leicht fahrl\u00e4ssiger Verletzung einer Hauptleistungspflicht oder einer Nebenpflicht, deren Verletzung die Erreichung des Vertragszwecks gef\u00e4hrdet oder deren Erf\u00fcllung die ordnungsgem\u00e4\u00dfe Durchf\u00fchrung des Vertrages \u00fcberhaupt erst erm\u00f6glicht und auf deren Einhaltung der Kunde vertrauen durfte (nachfolgend \u201ewesentliche Nebenpflicht\u201c), ist die Haftung des Veranstalters auf vertragstypische, bei Vertragsabschluss vorhersehbare Sch\u00e4den begrenzt. Der Veranstalter haftet nicht f\u00fcr die leicht fahrl\u00e4ssige Verletzung von vertraglichen Nebenpflichten, die nicht zu den wesentlichen Nebenpflichten geh\u00f6ren.<\/p>\n<p>b) Anspr\u00fcche wegen schuldhafter Herbeif\u00fchrung von Sch\u00e4den an Leben, K\u00f6rper oder Gesundheit, nach dem Produkthaftungsgesetz, wegen arglistiger T\u00e4uschung, aufgrund einer vom durch den Veranstalter \u00fcbernommenen Garantie f\u00fcr die Beschaffenheit oder f\u00fcr ein vom Veranstalter \u00fcbernommenes Beschaffungsrisiko bleiben unber\u00fchrt.<\/p>\n<p>c) Die Haftungsbegrenzung erstreckt sich auch auf die pers\u00f6nliche Haftung der gesetzlichen Vertreter und Erf\u00fcllungsgehilfen des Veranstalters.<\/p>\n<p>d) Der Veranstalter haftet nicht f\u00fcr verloren gegangene oder besch\u00e4digte Sachen. Parken auf ausgewiesenen Parkpl\u00e4tzen bzw. dem Campinggel\u00e4nde geschieht auf eigene Gefahr.<\/p>\n<h3>12. Recht am eigenen Bild<\/h3>\n<p>Der Veranstalter und durch ihn beauftragte Dritte sind berechtigt, im Rahmen der Veranstaltungen Bild-, Ton- und Bildtonaufnahmen der Besucher ohne Verg\u00fctung f\u00fcr die abgebildeten Personen herzustellen und in jeder Art und Weise umfassend in allen bekannten und zuk\u00fcnftigen Medien zu nutzen oder nutzen zu lassen, insbesondere zur Berichterstattung in allen Medien eingeschlossen Internet, auf Ton- oder Bildtontr\u00e4gern sowie zur Bewerbung des Festivals, zur Sponsorenakquise und zu allen sonstigen Gesch\u00e4ftst\u00e4tigkeiten des Veranstalters und seiner verbundenen Unternehmen. S\u00e4mtliche Rechte d\u00fcrfen auch zu vorstehenden Zwecken auf Dritte \u00fcbertragen werden.<\/p>\n<h3>13. Datenschutz<\/h3>\n<p>Siehe Reiter Datenschutz unter www.isleofsummer.de<\/p>\n<h3>14. Anwendbares Recht \/ Salvatorische Klausel \/ Sonstiges<\/h3>\n<p>a) Es gilt ausschlie\u00dflich deutsches Recht.<\/p>\n<p>b) Der Veranstalter beh\u00e4lt sich vor, die AGB jederzeit zu \u00e4ndern.<\/p>\n<p>c) Sollte eine Bestimmung dieser Bedingungen unwirksam oder undurchf\u00fchrbar sein oder werden, so wird dadurch die Wirksamkeit der \u00fcbrigen Vereinbarungen nicht ber\u00fchrt. Eine solche Regelung, die dem beabsichtigten Zweck rechtswirksam am n\u00e4chsten kommt, soll an die Stelle der unwirksamen oder undurchf\u00fchrbaren Vereinbarung treten. Gleiches gilt im Falle von Regelungsl\u00fccken.<\/p>\n<p>d) Es wird darauf hingewiesen, dass der Veranstalter nicht bereit und nicht verpflichtet ist, an Streitbelegungsverfahren vor einer Verbraucherschlichtungsstelle teilzunehmen.<\/p>\n<h3>15. Parkpl\u00e4tze<\/h3>\n<p>Das Parken ist auf von der Life is Good GmbH ausgewiesenen Parkpl\u00e4tzen gestattet. F\u00fcr einen KFZ Stellplatz auf diesen Parkfl\u00e4chen\/-pl\u00e4tzen wird ein Unkostenbeitrag f\u00fcr Personal, Renaturierung und Miete erhoben.<\/p>\n<\/div><\/section><\/div>\n","protected":false},"excerpt":{"rendered":"","protected":false},"author":1,"featured_media":0,"parent":0,"menu_order":11,"comment_status":"closed","ping_status":"closed","template":"","meta":{"footnotes":""},"class_list":["post-143","page","type-page","status-publish","hentry"],"yoast_head":"<!-- This site is optimized with the Yoast SEO plugin v27.4 - https:\/\/yoast.com\/product\/yoast-seo-wordpress\/ -->\n<title>AGB | ISLE OF SUMMER VIENNA<\/title>\n<meta name=\"robots\" content=\"index, follow, max-snippet:-1, max-image-preview:large, max-video-preview:-1\" \/>\n<link rel=\"canonical\" href=\"https:\/\/www.isleofsummer.at\/de\/agb\/\" \/>\n<meta property=\"og:locale\" content=\"de_DE\" \/>\n<meta property=\"og:type\" content=\"article\" \/>\n<meta property=\"og:title\" content=\"AGB | ISLE OF SUMMER VIENNA\" \/>\n<meta property=\"og:url\" content=\"https:\/\/www.isleofsummer.at\/de\/agb\/\" \/>\n<meta property=\"og:site_name\" content=\"ISLE OF SUMMER VIENNA\" \/>\n<meta property=\"article:publisher\" content=\"https:\/\/www.facebook.com\/isleofsummer\/\" \/>\n<meta property=\"article:modified_time\" content=\"2025-12-01T13:45:10+00:00\" \/>\n<meta property=\"og:image\" content=\"https:\/\/www.isleofsummer.at\/wp-content\/uploads\/isle-of-summer-social-media.png\" \/>\n\t<meta property=\"og:image:width\" content=\"1200\" \/>\n\t<meta property=\"og:image:height\" content=\"630\" \/>\n\t<meta property=\"og:image:type\" content=\"image\/png\" \/>\n<meta name=\"twitter:card\" content=\"summary_large_image\" \/>\n<meta name=\"twitter:label1\" content=\"Gesch\u00e4tzte Lesezeit\" \/>\n\t<meta name=\"twitter:data1\" content=\"9\u00a0Minuten\" \/>\n<script type=\"application\/ld+json\" class=\"yoast-schema-graph\">{\"@context\":\"https:\\\/\\\/schema.org\",\"@graph\":[{\"@type\":\"WebPage\",\"@id\":\"https:\\\/\\\/www.isleofsummer.at\\\/de\\\/agb\\\/\",\"url\":\"https:\\\/\\\/www.isleofsummer.at\\\/de\\\/agb\\\/\",\"name\":\"AGB | ISLE OF SUMMER VIENNA\",\"isPartOf\":{\"@id\":\"https:\\\/\\\/www.isleofsummer.at\\\/de\\\/#website\"},\"datePublished\":\"2023-06-05T14:29:49+00:00\",\"dateModified\":\"2025-12-01T13:45:10+00:00\",\"breadcrumb\":{\"@id\":\"https:\\\/\\\/www.isleofsummer.at\\\/de\\\/agb\\\/#breadcrumb\"},\"inLanguage\":\"de\",\"potentialAction\":[{\"@type\":\"ReadAction\",\"target\":[\"https:\\\/\\\/www.isleofsummer.at\\\/de\\\/agb\\\/\"]}]},{\"@type\":\"BreadcrumbList\",\"@id\":\"https:\\\/\\\/www.isleofsummer.at\\\/de\\\/agb\\\/#breadcrumb\",\"itemListElement\":[{\"@type\":\"ListItem\",\"position\":1,\"name\":\"Startseite\",\"item\":\"https:\\\/\\\/www.isleofsummer.at\\\/de\\\/home-2\\\/\"},{\"@type\":\"ListItem\",\"position\":2,\"name\":\"AGB\"}]},{\"@type\":\"WebSite\",\"@id\":\"https:\\\/\\\/www.isleofsummer.at\\\/de\\\/#website\",\"url\":\"https:\\\/\\\/www.isleofsummer.at\\\/de\\\/\",\"name\":\"ISLE OF SUMMER VIENNA\",\"description\":\"\",\"publisher\":{\"@id\":\"https:\\\/\\\/www.isleofsummer.at\\\/de\\\/#organization\"},\"potentialAction\":[{\"@type\":\"SearchAction\",\"target\":{\"@type\":\"EntryPoint\",\"urlTemplate\":\"https:\\\/\\\/www.isleofsummer.at\\\/de\\\/?s={search_term_string}\"},\"query-input\":{\"@type\":\"PropertyValueSpecification\",\"valueRequired\":true,\"valueName\":\"search_term_string\"}}],\"inLanguage\":\"de\"},{\"@type\":\"Organization\",\"@id\":\"https:\\\/\\\/www.isleofsummer.at\\\/de\\\/#organization\",\"name\":\"ISLE OF SUMMER VIENNA\",\"url\":\"https:\\\/\\\/www.isleofsummer.at\\\/de\\\/\",\"logo\":{\"@type\":\"ImageObject\",\"inLanguage\":\"de\",\"@id\":\"https:\\\/\\\/www.isleofsummer.at\\\/de\\\/#\\\/schema\\\/logo\\\/image\\\/\",\"url\":\"https:\\\/\\\/neu.isleofsummer.de\\\/wp-content\\\/uploads\\\/isle-of-summer-logo.svg\",\"contentUrl\":\"https:\\\/\\\/neu.isleofsummer.de\\\/wp-content\\\/uploads\\\/isle-of-summer-logo.svg\",\"width\":1,\"height\":1,\"caption\":\"ISLE OF SUMMER VIENNA\"},\"image\":{\"@id\":\"https:\\\/\\\/www.isleofsummer.at\\\/de\\\/#\\\/schema\\\/logo\\\/image\\\/\"},\"sameAs\":[\"https:\\\/\\\/www.facebook.com\\\/isleofsummer\\\/\",\"https:\\\/\\\/www.instagram.com\\\/isleofsummer\\\/\",\"https:\\\/\\\/www.youtube.com\\\/channel\\\/UChBTp1DTWrHObg1hHTK2qaA\",\"https:\\\/\\\/vimeo.com\\\/176511494\"]}]}<\/script>\n<!-- \/ Yoast SEO plugin. -->","yoast_head_json":{"title":"AGB | ISLE OF SUMMER VIENNA","robots":{"index":"index","follow":"follow","max-snippet":"max-snippet:-1","max-image-preview":"max-image-preview:large","max-video-preview":"max-video-preview:-1"},"canonical":"https:\/\/www.isleofsummer.at\/de\/agb\/","og_locale":"de_DE","og_type":"article","og_title":"AGB | ISLE OF SUMMER VIENNA","og_url":"https:\/\/www.isleofsummer.at\/de\/agb\/","og_site_name":"ISLE OF SUMMER VIENNA","article_publisher":"https:\/\/www.facebook.com\/isleofsummer\/","article_modified_time":"2025-12-01T13:45:10+00:00","og_image":[{"width":1200,"height":630,"url":"https:\/\/www.isleofsummer.at\/wp-content\/uploads\/isle-of-summer-social-media.png","type":"image\/png"}],"twitter_card":"summary_large_image","twitter_misc":{"Gesch\u00e4tzte Lesezeit":"9\u00a0Minuten"},"schema":{"@context":"https:\/\/schema.org","@graph":[{"@type":"WebPage","@id":"https:\/\/www.isleofsummer.at\/de\/agb\/","url":"https:\/\/www.isleofsummer.at\/de\/agb\/","name":"AGB | ISLE OF SUMMER VIENNA","isPartOf":{"@id":"https:\/\/www.isleofsummer.at\/de\/#website"},"datePublished":"2023-06-05T14:29:49+00:00","dateModified":"2025-12-01T13:45:10+00:00","breadcrumb":{"@id":"https:\/\/www.isleofsummer.at\/de\/agb\/#breadcrumb"},"inLanguage":"de","potentialAction":[{"@type":"ReadAction","target":["https:\/\/www.isleofsummer.at\/de\/agb\/"]}]},{"@type":"BreadcrumbList","@id":"https:\/\/www.isleofsummer.at\/de\/agb\/#breadcrumb","itemListElement":[{"@type":"ListItem","position":1,"name":"Startseite","item":"https:\/\/www.isleofsummer.at\/de\/home-2\/"},{"@type":"ListItem","position":2,"name":"AGB"}]},{"@type":"WebSite","@id":"https:\/\/www.isleofsummer.at\/de\/#website","url":"https:\/\/www.isleofsummer.at\/de\/","name":"ISLE OF SUMMER VIENNA","description":"","publisher":{"@id":"https:\/\/www.isleofsummer.at\/de\/#organization"},"potentialAction":[{"@type":"SearchAction","target":{"@type":"EntryPoint","urlTemplate":"https:\/\/www.isleofsummer.at\/de\/?s={search_term_string}"},"query-input":{"@type":"PropertyValueSpecification","valueRequired":true,"valueName":"search_term_string"}}],"inLanguage":"de"},{"@type":"Organization","@id":"https:\/\/www.isleofsummer.at\/de\/#organization","name":"ISLE OF SUMMER VIENNA","url":"https:\/\/www.isleofsummer.at\/de\/","logo":{"@type":"ImageObject","inLanguage":"de","@id":"https:\/\/www.isleofsummer.at\/de\/#\/schema\/logo\/image\/","url":"https:\/\/neu.isleofsummer.de\/wp-content\/uploads\/isle-of-summer-logo.svg","contentUrl":"https:\/\/neu.isleofsummer.de\/wp-content\/uploads\/isle-of-summer-logo.svg","width":1,"height":1,"caption":"ISLE OF SUMMER VIENNA"},"image":{"@id":"https:\/\/www.isleofsummer.at\/de\/#\/schema\/logo\/image\/"},"sameAs":["https:\/\/www.facebook.com\/isleofsummer\/","https:\/\/www.instagram.com\/isleofsummer\/","https:\/\/www.youtube.com\/channel\/UChBTp1DTWrHObg1hHTK2qaA","https:\/\/vimeo.com\/176511494"]}]}},"_links":{"self":[{"href":"https:\/\/www.isleofsummer.at\/de\/wp-json\/wp\/v2\/pages\/143","targetHints":{"allow":["GET"]}}],"collection":[{"href":"https:\/\/www.isleofsummer.at\/de\/wp-json\/wp\/v2\/pages"}],"about":[{"href":"https:\/\/www.isleofsummer.at\/de\/wp-json\/wp\/v2\/types\/page"}],"author":[{"embeddable":true,"href":"https:\/\/www.isleofsummer.at\/de\/wp-json\/wp\/v2\/users\/1"}],"replies":[{"embeddable":true,"href":"https:\/\/www.isleofsummer.at\/de\/wp-json\/wp\/v2\/comments?post=143"}],"version-history":[{"count":4,"href":"https:\/\/www.isleofsummer.at\/de\/wp-json\/wp\/v2\/pages\/143\/revisions"}],"predecessor-version":[{"id":1722,"href":"https:\/\/www.isleofsummer.at\/de\/wp-json\/wp\/v2\/pages\/143\/revisions\/1722"}],"wp:attachment":[{"href":"https:\/\/www.isleofsummer.at\/de\/wp-json\/wp\/v2\/media?parent=143"}],"curies":[{"name":"wp","href":"https:\/\/api.w.org\/{rel}","templated":true}]}}